{"id":3,"date":"2020-10-13T10:15:59","date_gmt":"2020-10-13T10:15:59","guid":{"rendered":"https:\/\/ramasolution.com\/?page_id=3"},"modified":"2021-03-25T14:31:14","modified_gmt":"2021-03-25T14:31:14","slug":"aviso-legal","status":"publish","type":"page","link":"https:\/\/ramasolution.com\/es\/aviso-legal\/","title":{"rendered":"Aviso Legal"},"content":{"rendered":"<section class=\"wpb-content-wrapper\"><p>[vc_row][vc_column][vc_column_text]<\/p>\r\n<p><strong>AVISO LEGAL<\/strong><br \/>No garantizamos la inexistencia de errores tipogr\u00e1ficos en este sitio, por lo que eventualmente pueden verificarse inexactitudes en los textos insertados o incluso en la informaci\u00f3n indicada o distribuida a trav\u00e9s del sitio. En caso de utilizar la informaci\u00f3n contenida en este sitio, la misma ser\u00e1 responsabilidad del usuario.<\/p>\r\n<p>&nbsp;<\/p>\r\n<p><strong>COPYRIGHT<\/strong><br \/>Los usuarios del sitio pueden realizar la descarga o impresi\u00f3n del material disponible en el sitio para uso personal, quedando prohibida la alteraci\u00f3n del material disponible sin la previa y expresa autorizaci\u00f3n de Rama Solution o del titular de los derechos de propiedad. Salvo disposici\u00f3n en contrario, todo el contenido del sitio, incluidos, entre otros, los materiales, la informaci\u00f3n, la organizaci\u00f3n y la disposici\u00f3n de las p\u00e1ginas, los gr\u00e1ficos y los dibujos, pertenecen a Rama Solution o a terceros que cedieron legalmente sus derechos de uso.<\/p>\r\n<p>&nbsp;<\/p>\r\n<p><strong>RESPONSABILIDAD<\/strong><br \/>Rama Solution no garantiza que el contenido, los materiales, la informaci\u00f3n o los recursos ofrecidos en este sitio est\u00e9n actualizados o completos, no siendo responsable de los da\u00f1os causados por eventuales distorsiones, errores u omisiones verificadas, o incluso por fallas en los equipos de los usuarios de este sitio o en sitios vinculados a \u00e9ste por cualquier medio, en especial, pero no limit\u00e1ndose, a los enlaces divulgados en este sitio. Rama Solution no se hace responsable de los enlaces contenidos en el sitio que remitan al usuario a entornos extra\u00f1os al sitio www.ramasolution.com, siendo de \u00fanica responsabilidad del usuario y\/o de la empresa mantenedora la navegaci\u00f3n en estas condiciones. Rama Solution no garantiza ning\u00fan tipo de reembolso de los da\u00f1os causados por los sitios mencionados en este art\u00edculo.<\/p>\r\n<p>&nbsp;<\/p>\r\n<p><strong>CONFIDENCIALIDAD<\/strong><br \/>Este sitio no fue idealizado para recibir informaci\u00f3n confidencial, siendo cierto que toda y cualquier informaci\u00f3n contenida en este sitio o recibida por el mismo ser\u00e1 tratada como no confidencial. Las informaciones recibidas en este sitio ser\u00e1n tratadas de acuerdo con las disposiciones del C\u00f3digo de Defensa del Consumidor, as\u00ed como con las disposiciones de la Ordenanza n\u00ac5, del 27 de agosto de 2002, de la Secretar\u00eda de Derecho Econ\u00f3mico y con los preceptos contenidos en el C\u00f3digo de \u00c9tica de ABEMD &#8211; Asociaci\u00f3n Brasile\u00f1a de Marketing Directo. Rama Solution se reserva el derecho de, en cualquier momento, mejorar las funcionalidades o alterar su contenido debido a la informaci\u00f3n o sugerencias recibidas por los usuarios o debido a alteraciones en sus productos. Las informaciones, sugerencias, conceptos, entre otros, enviados por los usuarios a la p\u00e1gina web de Rama Solution, pueden ser utilizados por esta \u00faltima independientemente de autorizaciones o de cualquier tipo de retribuci\u00f3n o pago.<\/p>\r\n<p>&nbsp;<\/p>\r\n<p><strong>ALTERACIONES<\/strong><br \/>Siempre que Rama Solution entienda necesaria la alteraci\u00f3n de cualquier informaci\u00f3n contenida en este sitio, sin excepci\u00f3n, podr\u00e1 llevar a cabo las alteraciones que entienda necesarias, sin necesidad de previo aviso ni de ning\u00fan tipo de comunicaci\u00f3n.<\/p>\r\n<p>&nbsp;<\/p>\r\n<p><strong>GARANT\u00cdA<\/strong><br \/>La informaci\u00f3n y los materiales disponibles en este sitio no vinculan ni caracterizan ning\u00fan tipo de garant\u00eda o extensi\u00f3n de las mismas, siendo v\u00e1lidas \u00fanicamente las garant\u00edas expresadas en los manuales que acompa\u00f1an a los productos de Rama Solution.<\/p>\r\n<p>&nbsp;<\/p>\r\n<p>[\/vc_column_text][\/vc_column][\/vc_row]<\/p><\/section>","protected":false},"excerpt":{"rendered":"<p>[vc_row][vc_column][vc_column_text] AVISO LEGALNo garantizamos la inexistencia de [&hellip;]<\/p>\n","protected":false},"author":2,"featured_media":0,"parent":0,"menu_order":0,"comment_status":"closed","ping_status":"open","template":"","meta":{"_joinchat":[],"footnotes":""},"class_list":["post-3","page","type-page","status-publish","hentry"],"yoast_head":"<!-- This site is optimized with the Yoast SEO plugin v27.2 - https:\/\/yoast.com\/product\/yoast-seo-wordpress\/ -->\n<title>Aviso Legal - Rama Solution<\/title>\n<meta name=\"robots\" content=\"index, follow, max-snippet:-1, max-image-preview:large, max-video-preview:-1\" \/>\n<link rel=\"canonical\" href=\"https:\/\/ramasolution.com\/es\/aviso-legal\/\" \/>\n<meta property=\"og:locale\" content=\"es_ES\" \/>\n<meta property=\"og:type\" content=\"article\" \/>\n<meta property=\"og:title\" content=\"Aviso Legal - Rama Solution\" \/>\n<meta property=\"og:description\" content=\"[vc_row][vc_column][vc_column_text] AVISO LEGALNo garantizamos la inexistencia de [&hellip;]\" \/>\n<meta property=\"og:url\" content=\"https:\/\/ramasolution.com\/es\/aviso-legal\/\" \/>\n<meta property=\"og:site_name\" content=\"Rama Solution\" \/>\n<meta property=\"article:modified_time\" content=\"2021-03-25T14:31:14+00:00\" \/>\n<meta name=\"twitter:card\" content=\"summary_large_image\" \/>\n<meta name=\"twitter:label1\" content=\"Tiempo de lectura\" \/>\n\t<meta name=\"twitter:data1\" content=\"3 minutos\" \/>\n<script type=\"application\/ld+json\" class=\"yoast-schema-graph\">{\"@context\":\"https:\/\/schema.org\",\"@graph\":[{\"@type\":\"WebPage\",\"@id\":\"https:\/\/ramasolution.com\/es\/aviso-legal\/\",\"url\":\"https:\/\/ramasolution.com\/es\/aviso-legal\/\",\"name\":\"Aviso Legal - Rama Solution\",\"isPartOf\":{\"@id\":\"https:\/\/ramasolution.com\/#website\"},\"datePublished\":\"2020-10-13T10:15:59+00:00\",\"dateModified\":\"2021-03-25T14:31:14+00:00\",\"breadcrumb\":{\"@id\":\"https:\/\/ramasolution.com\/es\/aviso-legal\/#breadcrumb\"},\"inLanguage\":\"es\",\"potentialAction\":[{\"@type\":\"ReadAction\",\"target\":[\"https:\/\/ramasolution.com\/es\/aviso-legal\/\"]}]},{\"@type\":\"BreadcrumbList\",\"@id\":\"https:\/\/ramasolution.com\/es\/aviso-legal\/#breadcrumb\",\"itemListElement\":[{\"@type\":\"ListItem\",\"position\":1,\"name\":\"Portada\",\"item\":\"https:\/\/ramasolution.com\/es\/\"},{\"@type\":\"ListItem\",\"position\":2,\"name\":\"Aviso Legal\"}]},{\"@type\":\"WebSite\",\"@id\":\"https:\/\/ramasolution.com\/#website\",\"url\":\"https:\/\/ramasolution.com\/\",\"name\":\"Rama Solution\",\"description\":\"M\u00e1quinas autom\u00e1ticas para produ\u00e7\u00e3o de blocos, pavers e meio-fio\",\"publisher\":{\"@id\":\"https:\/\/ramasolution.com\/#organization\"},\"potentialAction\":[{\"@type\":\"SearchAction\",\"target\":{\"@type\":\"EntryPoint\",\"urlTemplate\":\"https:\/\/ramasolution.com\/?s={search_term_string}\"},\"query-input\":{\"@type\":\"PropertyValueSpecification\",\"valueRequired\":true,\"valueName\":\"search_term_string\"}}],\"inLanguage\":\"es\"},{\"@type\":\"Organization\",\"@id\":\"https:\/\/ramasolution.com\/#organization\",\"name\":\"Rama Solution\",\"url\":\"https:\/\/ramasolution.com\/\",\"logo\":{\"@type\":\"ImageObject\",\"inLanguage\":\"es\",\"@id\":\"https:\/\/ramasolution.com\/#\/schema\/logo\/image\/\",\"url\":\"https:\/\/ramasolution.com\/wp-content\/uploads\/2020\/12\/Logo-Color-Rama-Solution.svg\",\"contentUrl\":\"https:\/\/ramasolution.com\/wp-content\/uploads\/2020\/12\/Logo-Color-Rama-Solution.svg\",\"width\":\"1024\",\"height\":\"1024\",\"caption\":\"Rama Solution\"},\"image\":{\"@id\":\"https:\/\/ramasolution.com\/#\/schema\/logo\/image\/\"},\"sameAs\":[\"https:\/\/www.instagram.com\/rama.solution\/\"]}]}<\/script>\n<!-- \/ Yoast SEO plugin. -->","yoast_head_json":{"title":"Aviso Legal - Rama Solution","robots":{"index":"index","follow":"follow","max-snippet":"max-snippet:-1","max-image-preview":"max-image-preview:large","max-video-preview":"max-video-preview:-1"},"canonical":"https:\/\/ramasolution.com\/es\/aviso-legal\/","og_locale":"es_ES","og_type":"article","og_title":"Aviso Legal - Rama Solution","og_description":"[vc_row][vc_column][vc_column_text] AVISO LEGALNo garantizamos la inexistencia de [&hellip;]","og_url":"https:\/\/ramasolution.com\/es\/aviso-legal\/","og_site_name":"Rama Solution","article_modified_time":"2021-03-25T14:31:14+00:00","twitter_card":"summary_large_image","twitter_misc":{"Tiempo de lectura":"3 minutos"},"schema":{"@context":"https:\/\/schema.org","@graph":[{"@type":"WebPage","@id":"https:\/\/ramasolution.com\/es\/aviso-legal\/","url":"https:\/\/ramasolution.com\/es\/aviso-legal\/","name":"Aviso Legal - Rama Solution","isPartOf":{"@id":"https:\/\/ramasolution.com\/#website"},"datePublished":"2020-10-13T10:15:59+00:00","dateModified":"2021-03-25T14:31:14+00:00","breadcrumb":{"@id":"https:\/\/ramasolution.com\/es\/aviso-legal\/#breadcrumb"},"inLanguage":"es","potentialAction":[{"@type":"ReadAction","target":["https:\/\/ramasolution.com\/es\/aviso-legal\/"]}]},{"@type":"BreadcrumbList","@id":"https:\/\/ramasolution.com\/es\/aviso-legal\/#breadcrumb","itemListElement":[{"@type":"ListItem","position":1,"name":"Portada","item":"https:\/\/ramasolution.com\/es\/"},{"@type":"ListItem","position":2,"name":"Aviso Legal"}]},{"@type":"WebSite","@id":"https:\/\/ramasolution.com\/#website","url":"https:\/\/ramasolution.com\/","name":"Rama Solution","description":"M\u00e1quinas autom\u00e1ticas para produ\u00e7\u00e3o de blocos, pavers e meio-fio","publisher":{"@id":"https:\/\/ramasolution.com\/#organization"},"potentialAction":[{"@type":"SearchAction","target":{"@type":"EntryPoint","urlTemplate":"https:\/\/ramasolution.com\/?s={search_term_string}"},"query-input":{"@type":"PropertyValueSpecification","valueRequired":true,"valueName":"search_term_string"}}],"inLanguage":"es"},{"@type":"Organization","@id":"https:\/\/ramasolution.com\/#organization","name":"Rama Solution","url":"https:\/\/ramasolution.com\/","logo":{"@type":"ImageObject","inLanguage":"es","@id":"https:\/\/ramasolution.com\/#\/schema\/logo\/image\/","url":"https:\/\/ramasolution.com\/wp-content\/uploads\/2020\/12\/Logo-Color-Rama-Solution.svg","contentUrl":"https:\/\/ramasolution.com\/wp-content\/uploads\/2020\/12\/Logo-Color-Rama-Solution.svg","width":"1024","height":"1024","caption":"Rama Solution"},"image":{"@id":"https:\/\/ramasolution.com\/#\/schema\/logo\/image\/"},"sameAs":["https:\/\/www.instagram.com\/rama.solution\/"]}]}},"_links":{"self":[{"href":"https:\/\/ramasolution.com\/es\/wp-json\/wp\/v2\/pages\/3","targetHints":{"allow":["GET"]}}],"collection":[{"href":"https:\/\/ramasolution.com\/es\/wp-json\/wp\/v2\/pages"}],"about":[{"href":"https:\/\/ramasolution.com\/es\/wp-json\/wp\/v2\/types\/page"}],"author":[{"embeddable":true,"href":"https:\/\/ramasolution.com\/es\/wp-json\/wp\/v2\/users\/2"}],"replies":[{"embeddable":true,"href":"https:\/\/ramasolution.com\/es\/wp-json\/wp\/v2\/comments?post=3"}],"version-history":[{"count":4,"href":"https:\/\/ramasolution.com\/es\/wp-json\/wp\/v2\/pages\/3\/revisions"}],"predecessor-version":[{"id":9082,"href":"https:\/\/ramasolution.com\/es\/wp-json\/wp\/v2\/pages\/3\/revisions\/9082"}],"wp:attachment":[{"href":"https:\/\/ramasolution.com\/es\/wp-json\/wp\/v2\/media?parent=3"}],"curies":[{"name":"wp","href":"https:\/\/api.w.org\/{rel}","templated":true}]}}