{"id":8944,"date":"2020-12-30T22:27:17","date_gmt":"2020-12-30T22:27:17","guid":{"rendered":"https:\/\/ramasolution.com\/empresa\/"},"modified":"2024-07-06T13:07:29","modified_gmt":"2024-07-06T13:07:29","slug":"empresa","status":"publish","type":"page","link":"https:\/\/ramasolution.com\/es\/empresa\/","title":{"rendered":"Empresa"},"content":{"rendered":"<section class=\"wpb-content-wrapper\"><p>[vc_row full_width=&#8221;stretch_row&#8221; kd_bottom_separator_style=&#8221;arrow-down&#8221; kd_bottom_separator_height=&#8221;separator-height-large&#8221; kd_fixed_background=&#8221;true&#8221; kd_bottom_separator=&#8221;true&#8221; kd_bottom_separator_bg=&#8221;#f8f9fb&#8221; css=&#8221;.vc_custom_1614538829058{padding-top: 150px !important;padding-bottom: 150px !important;background: #74297f url(https:\/\/ramasolution.com\/wp-content\/uploads\/2021\/02\/Header-Empresa-Rama-Solution.png?id=8748) !important;background-position: center !important;background-repeat: no-repeat !important;background-size: cover !important;}&#8221;][vc_column][vc_empty_space height=&#8221;30px&#8221;]<header class=\"kd-section-title col-lg-12 text-center    \" ><h2 class=\"separator_off\" style=\"color: #808184;font-size: 48px;\">Empresa<\/h2><\/header>[\/vc_column][\/vc_row][vc_row css=&#8221;.vc_custom_1614455681076{padding-top: 100px !important;padding-bottom: 100px !important;}&#8221;][vc_column][vc_column_text]<\/p>\n<p style=\"text-align: center;\">Nuestro objetivo es mantener una relaci\u00f3n a largo plazo con nuestros clientes y proveedores<\/p>\n<p>[\/vc_column_text]<header class=\"kd-section-title col-lg-12 text-center  kd-animated fadeIn  \" data-animation-delay=200><h2 class=\"separator_off\" style=\"color: #74297f;\">Desde 2013 ofrecemos calidad, soporte y garant\u00eda<\/h2><\/header>[vc_row_inner css=&#8221;.vc_custom_1555928611279{padding-top: 70px !important;}&#8221;][vc_column_inner width=&#8221;1\/2&#8243; css=&#8221;.vc_custom_1614455778393{padding-top: 15px !important;}&#8221;][vc_column_text]En los \u00faltimos a\u00f1os <strong>Rama Solution se ha convertido en l\u00edder y referencia en Sudam\u00e9rica en el suministro de m\u00e1quinas para la fabricaci\u00f3n de bloques<\/strong>, debido a la calidad y rentabilidad de sus m\u00e1quinas, la excelencia del servicio t\u00e9cnico prestado y nuestro compromiso con la posventa.<\/p>\n<p>Conozca m\u00e1s sobre nosotros y la calidad de nuestros productos visitando una de las plantas de nuestros clientes, hable con nuestros ingenieros y encuentre la soluci\u00f3n perfecta para su pr\u00f3xima planta de bloques.<\/p>\n<p><strong>Contamos con el respaldo de una empresa europea fundada en 1973, con amplia experiencia<\/strong> en el desarrollo de m\u00e1quinas de bloques de calidad y presencia mundial.[\/vc_column_text][\/vc_column_inner][vc_column_inner width=&#8221;1\/2&#8243;][vc_single_image image=&#8221;9509&#8243; img_size=&#8221;full&#8221; alignment=&#8221;center&#8221;][\/vc_column_inner][\/vc_row_inner][\/vc_column][\/vc_row][vc_row full_width=&#8221;stretch_row&#8221; content_placement=&#8221;middle&#8221; parallax=&#8221;content-moving&#8221; kd_top_separator_style=&#8221;skew-left&#8221; kd_top_separator_height=&#8221;separator-height-medium&#8221; kd_bottom_separator_style=&#8221;skew-right&#8221; kd_bottom_separator_height=&#8221;separator-height-medium&#8221; kd_top_separator=&#8221;true&#8221; kd_bottom_separator=&#8221;true&#8221; css=&#8221;.vc_custom_1614440163172{padding-top: 150px !important;padding-bottom: 150px !important;background: #763185 url(https:\/\/ramasolution.com\/wp-content\/uploads\/2021\/02\/Background-Purple-Rama-Solution.png?id=8255);background-position: center;background-repeat: no-repeat !important;background-size: cover !important;}&#8221; kd_top_separator_bg=&#8221;#f8f9fb&#8221; kd_bottom_separator_bg=&#8221;#f8f9fb&#8221;][vc_column offset=&#8221;vc_col-md-12&#8243;][vc_row_inner][vc_column_inner width=&#8221;1\/2&#8243;]<header class=\"kd-section-title col-lg-12 text-left  kd-animated fadeIn  \" data-animation-delay=200><h2 class=\"separator_off\" style=\"color: #ffffff;\">Hist\u00f3ria<\/h2><\/header>[vc_column_text]<span style=\"color: #ffffff;\" data-sheets-value=\"{&quot;1&quot;:2,&quot;2&quot;:&quot;Los socios fundadores de Rama Solution fueron los primeros fabricantes de bloques y adoquines en la ciudad de Cascavel ubicada en el Estado Paran\u00e1 al Sur de Brasil, despu\u00e9s de adquirir todo el know-how en este sector, decidieron fundar Rama Solution en 2013.\\n\\nLa empresa no s\u00f3lo suministr\u00f3 las m\u00e1quinas de bloques, sino que tambi\u00e9n puso a disposici\u00f3n del cliente un servicio integral; como la ayuda en la elaboraci\u00f3n del plan de negocios de la f\u00e1brica de artefactos de cemento del cliente, la importaci\u00f3n de la maquinaria, instalaci\u00f3n, capacitaci\u00f3n y consultor\u00eda de producci\u00f3n realizada por un equipo t\u00e9cnico brasile\u00f1o. Adem\u00e1s de proveer a los clientes de un gran stock de piezas de repuesto en Brasil.\\n\\n&quot;}\" data-sheets-userformat=\"{&quot;2&quot;:897,&quot;3&quot;:{&quot;1&quot;:0},&quot;10&quot;:0,&quot;11&quot;:4,&quot;12&quot;:0}\" data-sheets-textstyleruns=\"{&quot;1&quot;:0}\uee10{&quot;1&quot;:438,&quot;2&quot;:{&quot;7&quot;:null,&quot;9&quot;:null}}\uee10{&quot;1&quot;:488}\">Los socios fundadores de Rama Solution fueron los primeros fabricantes de bloques y adoquines en la ciudad de Cascavel ubicada en el Estado de Paran\u00e1 al Sur de Brasil, despu\u00e9s de adquirir todo el know-how en este sector, decidieron fundar Rama Solution en 2013.<\/span><\/p>\n<p><span style=\"color: #ffffff;\">Poniendo a disposici\u00f3n de nuestros clientes tanto m\u00e1quinas de alta calidad como un servicio integral que incluye el desarrollo de todo el proyecto; iniciando con la elaboraci\u00f3n del plan de negocios, pasando por la importaci\u00f3n de la maquinaria, instalaci\u00f3n, capacitaci\u00f3n y consultor\u00eda de producci\u00f3n; realizada por un equipo t\u00e9cnico brasile\u00f1o. Adem\u00e1s de proveer a los clientes de un stock con las piezas de repuesto m\u00e1s utilizadas y ubicado en Brasil.<\/span><\/p>\n<p>[\/vc_column_text][\/vc_column_inner][vc_column_inner width=&#8221;1\/2&#8243;][vc_column_text]<span style=\"color: #ffffff;\" data-sheets-value=\"{&quot;1&quot;:2,&quot;2&quot;:&quot;Desde 2009 los fundadores de la empresa han conocido personalmente a los diferentes fabricantes de m\u00e1quinas de bloques en todo el mundo, y han seleccionado a los mejores fabricantes de Europa y China para producir las m\u00e1quinas Rama Solution.\\n\\nGarantizando al cliente diferentes opciones de maquinas de bloques y un servicio a medida. Ofreciendo m\u00e1quinas con la mejor calidad-precio del mercado y toda la garant\u00eda de calidad, idoneidad y servicio de postventa realizado directamente por equipo de Rama Solution en Brasil.\\n\\nComo consecuencia del trabajo y la experiencia descritos anteriormente, y tambi\u00e9n de la satisfacci\u00f3n de nuestros clientes, la empresa se ha convertido en los \u00faltimos a\u00f1os en una referencia en Sudam\u00e9rica, como una empresa seria y comprometida que garantiza al cliente la seguridad de comprar m\u00e1quinas de calidad y un buen funcionamiento de la f\u00e1brica a largo plazo.\\n&quot;}\" data-sheets-userformat=\"{&quot;2&quot;:1049473,&quot;3&quot;:{&quot;1&quot;:0},&quot;10&quot;:0,&quot;11&quot;:4,&quot;12&quot;:0,&quot;23&quot;:1}\">Desde 2009 los fundadores de la empresa han conocido personalmente a los diferentes fabricantes de m\u00e1quinas de bloques en todo el mundo, seleccionando a uno de los mejores fabricantes Europeos para la producci\u00f3n de las m\u00e1quinas de Rama Solution.<\/span><\/p>\n<p><span style=\"color: #ffffff;\">Garantizamos al cliente una variedad de m\u00e1quinas que se adapten a cada una de las necesidades, m\u00e1quinas con la mejor calidad-precio del mercado y toda la seguridad de un servicio post-venta realizado por el equipo de Rama Solution.<\/span><\/p>\n<p><span style=\"color: #ffffff;\">Como consecuencia del trabajo continuo, experiencia y tambi\u00e9n de la satisfacci\u00f3n de nuestros clientes, la empresa se ha convertido en los \u00faltimos a\u00f1os en una referencia en Sudam\u00e9rica; como una empresa seria y comprometida que garantiza al cliente la seguridad de comprar m\u00e1quinas de calidad y un buen funcionamiento de la f\u00e1brica a largo plazo.<\/span>[\/vc_column_text][\/vc_column_inner][\/vc_row_inner][\/vc_column][\/vc_row][vc_row full_width=&#8221;stretch_row&#8221; css=&#8221;.vc_custom_1614406875424{padding-bottom: 100px !important;}&#8221;][vc_column width=&#8221;1\/3&#8243;][vc_empty_space]<div class=\"key-icon-box icon-default icon-left cont-left ib-hover-2\" style=\"background-color: transparent;\" ><div class=\"ib-wrapper\"><i class=\"far fa-id-badge\" style=\" color: #dbdbdb;\"><\/i> <h6 class=\"service-heading\" >Consultor\u00eda<\/h6><p >Asesoramos el proyecto de principio a fin (an\u00e1lisis financiero, importaci\u00f3n y producci\u00f3n).<\/p><\/div><\/div>[\/vc_column][vc_column width=&#8221;1\/3&#8243;][vc_empty_space]<div class=\"key-icon-box icon-default icon-left cont-left ib-hover-2\" style=\"background-color: transparent;\" ><div class=\"ib-wrapper\"><i class=\"fas fa-headset\" style=\" color: #dbdbdb;\"><\/i> <h6 class=\"service-heading\" >Soporte t\u00e9cnico<\/h6><p >Instalaci\u00f3n, capacitaci\u00f3n y asistencia t\u00e9cnica a trav\u00e9s de nuestro equipo t\u00e9cnico brasile\u00f1o y europeo.<\/p><\/div><\/div>[\/vc_column][vc_column width=&#8221;1\/3&#8243;][vc_empty_space]<div class=\"key-icon-box icon-default icon-left cont-left ib-hover-2\" style=\"background-color: transparent;\" ><div class=\"ib-wrapper\"><i class=\"fas fa-tools\" style=\" color: #dbdbdb;\"><\/i> <h6 class=\"service-heading\" >Piezas de repuesto<\/h6><p >Colaboramos con proveedores locales de piezas de repuesto, garantizando una producci\u00f3n continua.<\/p><\/div><\/div>[\/vc_column][\/vc_row]<\/p>\n<\/section>","protected":false},"excerpt":{"rendered":"<p>[vc_row full_width=&#8221;stretch_row&#8221; kd_bottom_separator_style=&#8221;arrow-down&#8221; kd_bottom_separator_height=&#8221;separator-height-large&#8221; kd_fixed_background=&#8221;true&#8221; kd_bottom_separator=&#8221;true&#8221; kd_bottom_separator_bg=&#8221;#f8f9fb&#8221; [&hellip;]<\/p>\n","protected":false},"author":2,"featured_media":0,"parent":0,"menu_order":0,"comment_status":"closed","ping_status":"closed","template":"","meta":{"_joinchat":[],"footnotes":""},"class_list":["post-8944","page","type-page","status-publish","hentry"],"yoast_head":"<!-- This site is optimized with the Yoast SEO plugin v27.2 - https:\/\/yoast.com\/product\/yoast-seo-wordpress\/ -->\n<title>Sobre a nossa empresa | Rama Solution<\/title>\n<meta name=\"description\" content=\"Empresa l\u00edder na Am\u00e9rica do Sul no fornecimento de m\u00e1quinas de bloco, com mais de 8 anos de experi\u00eancia. Escolha qualidade, experi\u00eancia e profissionalismo.\" \/>\n<meta name=\"robots\" content=\"index, follow, max-snippet:-1, max-image-preview:large, max-video-preview:-1\" \/>\n<link rel=\"canonical\" href=\"https:\/\/ramasolution.com\/es\/empresa\/\" \/>\n<meta property=\"og:locale\" content=\"es_ES\" \/>\n<meta property=\"og:type\" content=\"article\" \/>\n<meta property=\"og:title\" content=\"Sobre a nossa empresa | Rama Solution\" \/>\n<meta property=\"og:description\" content=\"Empresa l\u00edder na Am\u00e9rica do Sul no fornecimento de m\u00e1quinas de bloco, com mais de 8 anos de experi\u00eancia. Escolha qualidade, experi\u00eancia e profissionalismo.\" \/>\n<meta property=\"og:url\" content=\"https:\/\/ramasolution.com\/es\/empresa\/\" \/>\n<meta property=\"og:site_name\" content=\"Rama Solution\" \/>\n<meta property=\"article:modified_time\" content=\"2024-07-06T13:07:29+00:00\" \/>\n<meta name=\"twitter:card\" content=\"summary_large_image\" \/>\n<meta name=\"twitter:label1\" content=\"Tiempo de lectura\" \/>\n\t<meta name=\"twitter:data1\" content=\"4 minutos\" \/>\n<script type=\"application\/ld+json\" class=\"yoast-schema-graph\">{\"@context\":\"https:\/\/schema.org\",\"@graph\":[{\"@type\":\"WebPage\",\"@id\":\"https:\/\/ramasolution.com\/es\/empresa\/\",\"url\":\"https:\/\/ramasolution.com\/es\/empresa\/\",\"name\":\"Sobre a nossa empresa | Rama Solution\",\"isPartOf\":{\"@id\":\"https:\/\/ramasolution.com\/#website\"},\"datePublished\":\"2020-12-30T22:27:17+00:00\",\"dateModified\":\"2024-07-06T13:07:29+00:00\",\"description\":\"Empresa l\u00edder na Am\u00e9rica do Sul no fornecimento de m\u00e1quinas de bloco, com mais de 8 anos de experi\u00eancia. Escolha qualidade, experi\u00eancia e profissionalismo.\",\"breadcrumb\":{\"@id\":\"https:\/\/ramasolution.com\/es\/empresa\/#breadcrumb\"},\"inLanguage\":\"es\",\"potentialAction\":[{\"@type\":\"ReadAction\",\"target\":[\"https:\/\/ramasolution.com\/es\/empresa\/\"]}]},{\"@type\":\"BreadcrumbList\",\"@id\":\"https:\/\/ramasolution.com\/es\/empresa\/#breadcrumb\",\"itemListElement\":[{\"@type\":\"ListItem\",\"position\":1,\"name\":\"Portada\",\"item\":\"https:\/\/ramasolution.com\/es\/\"},{\"@type\":\"ListItem\",\"position\":2,\"name\":\"Empresa\"}]},{\"@type\":\"WebSite\",\"@id\":\"https:\/\/ramasolution.com\/#website\",\"url\":\"https:\/\/ramasolution.com\/\",\"name\":\"Rama Solution\",\"description\":\"M\u00e1quinas autom\u00e1ticas para produ\u00e7\u00e3o de blocos, pavers e meio-fio\",\"publisher\":{\"@id\":\"https:\/\/ramasolution.com\/#organization\"},\"potentialAction\":[{\"@type\":\"SearchAction\",\"target\":{\"@type\":\"EntryPoint\",\"urlTemplate\":\"https:\/\/ramasolution.com\/?s={search_term_string}\"},\"query-input\":{\"@type\":\"PropertyValueSpecification\",\"valueRequired\":true,\"valueName\":\"search_term_string\"}}],\"inLanguage\":\"es\"},{\"@type\":\"Organization\",\"@id\":\"https:\/\/ramasolution.com\/#organization\",\"name\":\"Rama Solution\",\"url\":\"https:\/\/ramasolution.com\/\",\"logo\":{\"@type\":\"ImageObject\",\"inLanguage\":\"es\",\"@id\":\"https:\/\/ramasolution.com\/#\/schema\/logo\/image\/\",\"url\":\"https:\/\/ramasolution.com\/wp-content\/uploads\/2020\/12\/Logo-Color-Rama-Solution.svg\",\"contentUrl\":\"https:\/\/ramasolution.com\/wp-content\/uploads\/2020\/12\/Logo-Color-Rama-Solution.svg\",\"width\":\"1024\",\"height\":\"1024\",\"caption\":\"Rama Solution\"},\"image\":{\"@id\":\"https:\/\/ramasolution.com\/#\/schema\/logo\/image\/\"},\"sameAs\":[\"https:\/\/www.instagram.com\/rama.solution\/\"]}]}<\/script>\n<!-- \/ Yoast SEO plugin. -->","yoast_head_json":{"title":"Sobre a nossa empresa | Rama Solution","description":"Empresa l\u00edder na Am\u00e9rica do Sul no fornecimento de m\u00e1quinas de bloco, com mais de 8 anos de experi\u00eancia. Escolha qualidade, experi\u00eancia e profissionalismo.","robots":{"index":"index","follow":"follow","max-snippet":"max-snippet:-1","max-image-preview":"max-image-preview:large","max-video-preview":"max-video-preview:-1"},"canonical":"https:\/\/ramasolution.com\/es\/empresa\/","og_locale":"es_ES","og_type":"article","og_title":"Sobre a nossa empresa | Rama Solution","og_description":"Empresa l\u00edder na Am\u00e9rica do Sul no fornecimento de m\u00e1quinas de bloco, com mais de 8 anos de experi\u00eancia. Escolha qualidade, experi\u00eancia e profissionalismo.","og_url":"https:\/\/ramasolution.com\/es\/empresa\/","og_site_name":"Rama Solution","article_modified_time":"2024-07-06T13:07:29+00:00","twitter_card":"summary_large_image","twitter_misc":{"Tiempo de lectura":"4 minutos"},"schema":{"@context":"https:\/\/schema.org","@graph":[{"@type":"WebPage","@id":"https:\/\/ramasolution.com\/es\/empresa\/","url":"https:\/\/ramasolution.com\/es\/empresa\/","name":"Sobre a nossa empresa | Rama Solution","isPartOf":{"@id":"https:\/\/ramasolution.com\/#website"},"datePublished":"2020-12-30T22:27:17+00:00","dateModified":"2024-07-06T13:07:29+00:00","description":"Empresa l\u00edder na Am\u00e9rica do Sul no fornecimento de m\u00e1quinas de bloco, com mais de 8 anos de experi\u00eancia. Escolha qualidade, experi\u00eancia e profissionalismo.","breadcrumb":{"@id":"https:\/\/ramasolution.com\/es\/empresa\/#breadcrumb"},"inLanguage":"es","potentialAction":[{"@type":"ReadAction","target":["https:\/\/ramasolution.com\/es\/empresa\/"]}]},{"@type":"BreadcrumbList","@id":"https:\/\/ramasolution.com\/es\/empresa\/#breadcrumb","itemListElement":[{"@type":"ListItem","position":1,"name":"Portada","item":"https:\/\/ramasolution.com\/es\/"},{"@type":"ListItem","position":2,"name":"Empresa"}]},{"@type":"WebSite","@id":"https:\/\/ramasolution.com\/#website","url":"https:\/\/ramasolution.com\/","name":"Rama Solution","description":"M\u00e1quinas autom\u00e1ticas para produ\u00e7\u00e3o de blocos, pavers e meio-fio","publisher":{"@id":"https:\/\/ramasolution.com\/#organization"},"potentialAction":[{"@type":"SearchAction","target":{"@type":"EntryPoint","urlTemplate":"https:\/\/ramasolution.com\/?s={search_term_string}"},"query-input":{"@type":"PropertyValueSpecification","valueRequired":true,"valueName":"search_term_string"}}],"inLanguage":"es"},{"@type":"Organization","@id":"https:\/\/ramasolution.com\/#organization","name":"Rama Solution","url":"https:\/\/ramasolution.com\/","logo":{"@type":"ImageObject","inLanguage":"es","@id":"https:\/\/ramasolution.com\/#\/schema\/logo\/image\/","url":"https:\/\/ramasolution.com\/wp-content\/uploads\/2020\/12\/Logo-Color-Rama-Solution.svg","contentUrl":"https:\/\/ramasolution.com\/wp-content\/uploads\/2020\/12\/Logo-Color-Rama-Solution.svg","width":"1024","height":"1024","caption":"Rama Solution"},"image":{"@id":"https:\/\/ramasolution.com\/#\/schema\/logo\/image\/"},"sameAs":["https:\/\/www.instagram.com\/rama.solution\/"]}]}},"_links":{"self":[{"href":"https:\/\/ramasolution.com\/es\/wp-json\/wp\/v2\/pages\/8944","targetHints":{"allow":["GET"]}}],"collection":[{"href":"https:\/\/ramasolution.com\/es\/wp-json\/wp\/v2\/pages"}],"about":[{"href":"https:\/\/ramasolution.com\/es\/wp-json\/wp\/v2\/types\/page"}],"author":[{"embeddable":true,"href":"https:\/\/ramasolution.com\/es\/wp-json\/wp\/v2\/users\/2"}],"replies":[{"embeddable":true,"href":"https:\/\/ramasolution.com\/es\/wp-json\/wp\/v2\/comments?post=8944"}],"version-history":[{"count":11,"href":"https:\/\/ramasolution.com\/es\/wp-json\/wp\/v2\/pages\/8944\/revisions"}],"predecessor-version":[{"id":9817,"href":"https:\/\/ramasolution.com\/es\/wp-json\/wp\/v2\/pages\/8944\/revisions\/9817"}],"wp:attachment":[{"href":"https:\/\/ramasolution.com\/es\/wp-json\/wp\/v2\/media?parent=8944"}],"curies":[{"name":"wp","href":"https:\/\/api.w.org\/{rel}","templated":true}]}}