{"id":8987,"date":"2021-02-11T12:21:20","date_gmt":"2021-02-11T12:21:20","guid":{"rendered":"https:\/\/ramasolution.com\/consultoria\/"},"modified":"2022-04-22T16:26:46","modified_gmt":"2022-04-22T16:26:46","slug":"consultoria","status":"publish","type":"page","link":"https:\/\/ramasolution.com\/es\/consultoria\/","title":{"rendered":"Consultor\u00eda"},"content":{"rendered":"<section class=\"wpb-content-wrapper\"><p>[vc_row full_width=&#8221;stretch_row&#8221; kd_bottom_separator_style=&#8221;arrow-down&#8221; kd_bottom_separator_height=&#8221;separator-height-large&#8221; kd_fixed_background=&#8221;true&#8221; kd_bottom_separator=&#8221;true&#8221; kd_bottom_separator_bg=&#8221;#f8f9fb&#8221; css=&#8221;.vc_custom_1614404608452{padding-top: 150px !important;padding-bottom: 150px !important;background: #74297f url(https:\/\/ramasolution.com\/wp-content\/uploads\/2021\/02\/Header-Consultoria-Rama-Solution.png?id=8601) !important;background-position: center !important;background-repeat: no-repeat !important;background-size: cover !important;}&#8221;][vc_column][vc_empty_space height=&#8221;30px&#8221;]<header class=\"kd-section-title col-lg-12 text-center    \" ><h2 class=\"separator_off\" style=\"color: #808184;font-size: 48px;line-height: 48px;\">Consultor\u00eda<\/h2><\/header>[\/vc_column][\/vc_row][vc_row][vc_column][vc_row_inner css=&#8221;.vc_custom_1555928611279{padding-top: 70px !important;}&#8221;][vc_column_inner width=&#8221;1\/2&#8243; css=&#8221;.vc_custom_1614437832937{margin-top: 40px !important;}&#8221;][vc_column_text css_animation=&#8221;fadeIn&#8221;]<\/p>\n<h6 style=\"text-align: left;\">Asesoramiento para la creaci\u00f3n de una f\u00e1brica de bloques<\/h6>\n<p>[\/vc_column_text]<header class=\"kd-section-title col-lg-12 text-left  kd-animated fadeIn   vc_custom_1616585478518\" data-animation-delay=200><h2 class=\"separator_off\" style=\"color: #74297f;\">Nos ocupamos del proceso de principio a fin; en busca del \u00e9xito de nuestros clientes<\/h2><\/header>[vc_column_text]Con el objetivo de conseguir el \u00e9xito de nuestros clientes, Rama Solution proporciona un servicio completo, desde la venta de la m\u00e1quina hasta el excelente funcionamiento de toda la f\u00e1brica; pasando por las sugerencias de cu\u00e1l ser\u00eda la m\u00e1quina m\u00e1s adecuada a la necesidad del cliente, las aclaraciones sobre la estimaci\u00f3n de los costes de producci\u00f3n y la viabilidad del proyecto, importaci\u00f3n, instalaci\u00f3n, formaci\u00f3n, consultor\u00eda de producci\u00f3n y la posventa.[\/vc_column_text][\/vc_column_inner][vc_column_inner width=&#8221;1\/2&#8243;][vc_single_image image=&#8221;9470&#8243; img_size=&#8221;large&#8221;][\/vc_column_inner][\/vc_row_inner][\/vc_column][\/vc_row][vc_row full_width=&#8221;stretch_row&#8221;][vc_column][vc_row_inner css=&#8221;.vc_custom_1609368399383{padding-top: 100px !important;padding-bottom: 70px !important;}&#8221;][vc_column_inner css=&#8221;.vc_custom_1609367938995{padding-right: 45px !important;}&#8221; offset=&#8221;vc_col-lg-8 vc_col-md-8&#8243;]<header class=\"kd-section-title col-lg-8 vc_col-sm-8 text-left  kd-animated fadeIn  \" data-animation-delay=200><h2 class=\"separator_off\" >Servicios ofrecidos al cliente:<\/h2><\/header>[vc_empty_space height=&#8221;30px&#8221;][vc_toggle title=&#8221;Fase 1: Definir l\u00ednea de producci\u00f3n personalizada seg\u00fan las necesidades del cliente&#8221; css_animation=&#8221;fadeIn&#8221;]Realizamos una presentaci\u00f3n de las diferentes m\u00e1quinas de bloques, l\u00edneas de producci\u00f3n y sus diferentes accesorios al cliente. Y conjuntamente estudiaremos cu\u00e1l es la mejor opci\u00f3n para su empresa. Por ejemplo:<\/p>\n<ul>\n<li>Definici\u00f3n del modelo de m\u00e1quina para cubrir la demanda de producci\u00f3n del cliente<\/li>\n<li>Comparaci\u00f3n entre el uso de cemento en bolsa, en bulto o a granel en el proceso de producci\u00f3n<\/li>\n<li>An\u00e1lisis entre la producci\u00f3n de adoquines y pisos de drenaje monocapa y bicapa<\/li>\n<li>Estudio del grado de automatizaci\u00f3n de la l\u00ednea de producci\u00f3n, comparando la inversi\u00f3n y el ahorro de mano de obra<\/li>\n<\/ul>\n<p>[\/vc_toggle][vc_toggle title=&#8221;Fase 2: Estudio de viabilidad econ\u00f3mica de la f\u00e1brica de bloques&#8221; css_animation=&#8221;fadeIn&#8221;]Hacemos una proyecci\u00f3n de los costos de fabricaci\u00f3n de los productos de concreto, la cantidad producida y la ganancia de acuerdo con el precio de las materias primas y el precio de venta de los productos terminados en la ciudad donde se instalar\u00e1 la f\u00e1brica.[\/vc_toggle][vc_toggle title=&#8221;Fase 3: Preparaci\u00f3n del proyecto para cimentaci\u00f3n, arquitect\u00f3nico, el\u00e9ctrico, entre otros&#8221; css_animation=&#8221;fadeIn&#8221;]Proporcionamos al cliente el proyecto de cimentaci\u00f3n y tambi\u00e9n una consultor\u00eda especializada en la industria de productos de concreto para ayudar en la elaboraci\u00f3n del proyecto arquitect\u00f3nico, el\u00e9ctrico, etc.[\/vc_toggle][vc_toggle title=&#8221;Fase 4: Asesoramiento sobre la importaci\u00f3n y la log\u00edstica&#8221; css_animation=&#8221;fadeIn&#8221;]Asesoramos en todo el proceso log\u00edstico y la burocracia de importaci\u00f3n. Nuestro equipo tiene m\u00e1s de 10 a\u00f1os de experiencia en la importaci\u00f3n y le ayudar\u00e1 a encontrar la forma m\u00e1s econ\u00f3mica y r\u00e1pida de realizar este proceso.[\/vc_toggle][vc_toggle title=&#8221;Fase 5: Instalaci\u00f3n y formaci\u00f3n a cargo de nuestro equipo t\u00e9cnico brasile\u00f1o y europeo&#8221; css_animation=&#8221;fadeIn&#8221;]El equipo t\u00e9cnico de Rama Solution instalar\u00e1 la m\u00e1quina y realizar\u00e1 la formaci\u00f3n de funcionamiento, como tambi\u00e9n del cambio de moldes, mantenimiento y seguridad. Ponemos a disposici\u00f3n del cliente todos los manuales t\u00e9cnicos en portugu\u00e9s, ingl\u00e9s y espa\u00f1ol. Adem\u00e1s, entregamos la m\u00e1quina con un sistema operativo en portugu\u00e9s, facilitando su funcionamiento.[\/vc_toggle][vc_toggle title=&#8221;Fase 6: Asesoramiento sobre la producci\u00f3n&#8221; css_animation=&#8221;fadeIn&#8221;]Despu\u00e9s de que la m\u00e1quina inicie su producci\u00f3n, el cliente recibir\u00e1 un servicio de consultor\u00eda de producci\u00f3n, centrado en la calidad del producto terminado; con el objetivo de producir piezas de concreto m\u00e1s resistentes utilizando menos cemento, a trav\u00e9s de un an\u00e1lisis de los agregados de la regi\u00f3n, granulometr\u00eda, mejora de las trazas y ajustes en los par\u00e1metros de la m\u00e1quina.<\/p>\n<p>El servicio de consultor\u00eda tambi\u00e9n buscar\u00e1 el desarrollo de nuevos productos.[\/vc_toggle][\/vc_column_inner][vc_column_inner offset=&#8221;vc_col-lg-4 vc_col-md-4&#8243;]<div class=\"key-icon-box icon-default icon-left cont-left ib-hover-2\" style=\"background-color: transparent;\" ><div class=\"ib-wrapper\"><i class=\"fas fa-headset\" style=\" color: #dbdbdb;\"><\/i> <h6 class=\"service-heading\" >Soporte t\u00e9cnico<\/h6><p >Instalaci\u00f3n, capacitaci\u00f3n y asistencia t\u00e9cnica a trav\u00e9s de nuestro equipo t\u00e9cnico brasile\u00f1o y europeo.<\/p><\/div><\/div>[vc_empty_space height=&#8221;10px&#8221;]<div class=\"key-icon-box icon-default icon-left cont-left ib-hover-2\" style=\"background-color: transparent;\" ><div class=\"ib-wrapper\"><i class=\"fas fa-tools\" style=\" color: #dbdbdb;\"><\/i> <h6 class=\"service-heading\" >Piezas de repuesto<\/h6><p >Colaboramos con proveedores locales de piezas de repuesto, garantizando una producci\u00f3n continua.<\/p><\/div><\/div>[vc_empty_space height=&#8221;40px&#8221;]<a  href=\"https:\/\/ramasolution.com\/es\/contacto\/\"  target=\"_self\"  title=\"Contacto\" class=\"tt_button tt_primary_button btn_primary_color  button-center button-action-link\" ><span class=\"prim_text\">Solicite una visita<\/span><\/a>[\/vc_column_inner][\/vc_row_inner][\/vc_column][\/vc_row]<\/p>\n<\/section>","protected":false},"excerpt":{"rendered":"<p>[vc_row full_width=&#8221;stretch_row&#8221; kd_bottom_separator_style=&#8221;arrow-down&#8221; kd_bottom_separator_height=&#8221;separator-height-large&#8221; kd_fixed_background=&#8221;true&#8221; kd_bottom_separator=&#8221;true&#8221; kd_bottom_separator_bg=&#8221;#f8f9fb&#8221; [&hellip;]<\/p>\n","protected":false},"author":2,"featured_media":0,"parent":0,"menu_order":0,"comment_status":"closed","ping_status":"closed","template":"","meta":{"_joinchat":[],"footnotes":""},"class_list":["post-8987","page","type-page","status-publish","hentry"],"yoast_head":"<!-- This site is optimized with the Yoast SEO plugin v27.2 - https:\/\/yoast.com\/product\/yoast-seo-wordpress\/ -->\n<title>\u1405 Consultoria para Abrir uma F\u00e1brica de Blocos | Rama Solution<\/title>\n<meta name=\"description\" content=\"Aconselhamento sobre a m\u00e1quina de blocos que melhor se adapta \u00e0s suas necessidades. Estimativa de custos de produ\u00e7\u00e3o e viabilidade do projeto, importa\u00e7\u00e3o, instala\u00e7\u00e3o, treinamento e start-up da ind\u00fastria.\" \/>\n<meta name=\"robots\" content=\"index, follow, max-snippet:-1, max-image-preview:large, max-video-preview:-1\" \/>\n<link rel=\"canonical\" href=\"https:\/\/ramasolution.com\/es\/consultoria\/\" \/>\n<meta property=\"og:locale\" content=\"es_ES\" \/>\n<meta property=\"og:type\" content=\"article\" \/>\n<meta property=\"og:title\" content=\"\u1405 Consultoria para Abrir uma F\u00e1brica de Blocos | Rama Solution\" \/>\n<meta property=\"og:description\" content=\"Aconselhamento sobre a m\u00e1quina de blocos que melhor se adapta \u00e0s suas necessidades. Estimativa de custos de produ\u00e7\u00e3o e viabilidade do projeto, importa\u00e7\u00e3o, instala\u00e7\u00e3o, treinamento e start-up da ind\u00fastria.\" \/>\n<meta property=\"og:url\" content=\"https:\/\/ramasolution.com\/es\/consultoria\/\" \/>\n<meta property=\"og:site_name\" content=\"Rama Solution\" \/>\n<meta property=\"article:modified_time\" content=\"2022-04-22T16:26:46+00:00\" \/>\n<meta name=\"twitter:card\" content=\"summary_large_image\" \/>\n<meta name=\"twitter:label1\" content=\"Tiempo de lectura\" \/>\n\t<meta name=\"twitter:data1\" content=\"4 minutos\" \/>\n<script type=\"application\/ld+json\" class=\"yoast-schema-graph\">{\"@context\":\"https:\/\/schema.org\",\"@graph\":[{\"@type\":\"WebPage\",\"@id\":\"https:\/\/ramasolution.com\/es\/consultoria\/\",\"url\":\"https:\/\/ramasolution.com\/es\/consultoria\/\",\"name\":\"\u1405 Consultoria para Abrir uma F\u00e1brica de Blocos | Rama Solution\",\"isPartOf\":{\"@id\":\"https:\/\/ramasolution.com\/#website\"},\"datePublished\":\"2021-02-11T12:21:20+00:00\",\"dateModified\":\"2022-04-22T16:26:46+00:00\",\"description\":\"Aconselhamento sobre a m\u00e1quina de blocos que melhor se adapta \u00e0s suas necessidades. Estimativa de custos de produ\u00e7\u00e3o e viabilidade do projeto, importa\u00e7\u00e3o, instala\u00e7\u00e3o, treinamento e start-up da ind\u00fastria.\",\"breadcrumb\":{\"@id\":\"https:\/\/ramasolution.com\/es\/consultoria\/#breadcrumb\"},\"inLanguage\":\"es\",\"potentialAction\":[{\"@type\":\"ReadAction\",\"target\":[\"https:\/\/ramasolution.com\/es\/consultoria\/\"]}]},{\"@type\":\"BreadcrumbList\",\"@id\":\"https:\/\/ramasolution.com\/es\/consultoria\/#breadcrumb\",\"itemListElement\":[{\"@type\":\"ListItem\",\"position\":1,\"name\":\"Portada\",\"item\":\"https:\/\/ramasolution.com\/es\/\"},{\"@type\":\"ListItem\",\"position\":2,\"name\":\"Consultor\u00eda\"}]},{\"@type\":\"WebSite\",\"@id\":\"https:\/\/ramasolution.com\/#website\",\"url\":\"https:\/\/ramasolution.com\/\",\"name\":\"Rama Solution\",\"description\":\"M\u00e1quinas autom\u00e1ticas para produ\u00e7\u00e3o de blocos, pavers e meio-fio\",\"publisher\":{\"@id\":\"https:\/\/ramasolution.com\/#organization\"},\"potentialAction\":[{\"@type\":\"SearchAction\",\"target\":{\"@type\":\"EntryPoint\",\"urlTemplate\":\"https:\/\/ramasolution.com\/?s={search_term_string}\"},\"query-input\":{\"@type\":\"PropertyValueSpecification\",\"valueRequired\":true,\"valueName\":\"search_term_string\"}}],\"inLanguage\":\"es\"},{\"@type\":\"Organization\",\"@id\":\"https:\/\/ramasolution.com\/#organization\",\"name\":\"Rama Solution\",\"url\":\"https:\/\/ramasolution.com\/\",\"logo\":{\"@type\":\"ImageObject\",\"inLanguage\":\"es\",\"@id\":\"https:\/\/ramasolution.com\/#\/schema\/logo\/image\/\",\"url\":\"https:\/\/ramasolution.com\/wp-content\/uploads\/2020\/12\/Logo-Color-Rama-Solution.svg\",\"contentUrl\":\"https:\/\/ramasolution.com\/wp-content\/uploads\/2020\/12\/Logo-Color-Rama-Solution.svg\",\"width\":\"1024\",\"height\":\"1024\",\"caption\":\"Rama Solution\"},\"image\":{\"@id\":\"https:\/\/ramasolution.com\/#\/schema\/logo\/image\/\"},\"sameAs\":[\"https:\/\/www.instagram.com\/rama.solution\/\"]}]}<\/script>\n<!-- \/ Yoast SEO plugin. -->","yoast_head_json":{"title":"\u1405 Consultoria para Abrir uma F\u00e1brica de Blocos | Rama Solution","description":"Aconselhamento sobre a m\u00e1quina de blocos que melhor se adapta \u00e0s suas necessidades. Estimativa de custos de produ\u00e7\u00e3o e viabilidade do projeto, importa\u00e7\u00e3o, instala\u00e7\u00e3o, treinamento e start-up da ind\u00fastria.","robots":{"index":"index","follow":"follow","max-snippet":"max-snippet:-1","max-image-preview":"max-image-preview:large","max-video-preview":"max-video-preview:-1"},"canonical":"https:\/\/ramasolution.com\/es\/consultoria\/","og_locale":"es_ES","og_type":"article","og_title":"\u1405 Consultoria para Abrir uma F\u00e1brica de Blocos | Rama Solution","og_description":"Aconselhamento sobre a m\u00e1quina de blocos que melhor se adapta \u00e0s suas necessidades. Estimativa de custos de produ\u00e7\u00e3o e viabilidade do projeto, importa\u00e7\u00e3o, instala\u00e7\u00e3o, treinamento e start-up da ind\u00fastria.","og_url":"https:\/\/ramasolution.com\/es\/consultoria\/","og_site_name":"Rama Solution","article_modified_time":"2022-04-22T16:26:46+00:00","twitter_card":"summary_large_image","twitter_misc":{"Tiempo de lectura":"4 minutos"},"schema":{"@context":"https:\/\/schema.org","@graph":[{"@type":"WebPage","@id":"https:\/\/ramasolution.com\/es\/consultoria\/","url":"https:\/\/ramasolution.com\/es\/consultoria\/","name":"\u1405 Consultoria para Abrir uma F\u00e1brica de Blocos | Rama Solution","isPartOf":{"@id":"https:\/\/ramasolution.com\/#website"},"datePublished":"2021-02-11T12:21:20+00:00","dateModified":"2022-04-22T16:26:46+00:00","description":"Aconselhamento sobre a m\u00e1quina de blocos que melhor se adapta \u00e0s suas necessidades. Estimativa de custos de produ\u00e7\u00e3o e viabilidade do projeto, importa\u00e7\u00e3o, instala\u00e7\u00e3o, treinamento e start-up da ind\u00fastria.","breadcrumb":{"@id":"https:\/\/ramasolution.com\/es\/consultoria\/#breadcrumb"},"inLanguage":"es","potentialAction":[{"@type":"ReadAction","target":["https:\/\/ramasolution.com\/es\/consultoria\/"]}]},{"@type":"BreadcrumbList","@id":"https:\/\/ramasolution.com\/es\/consultoria\/#breadcrumb","itemListElement":[{"@type":"ListItem","position":1,"name":"Portada","item":"https:\/\/ramasolution.com\/es\/"},{"@type":"ListItem","position":2,"name":"Consultor\u00eda"}]},{"@type":"WebSite","@id":"https:\/\/ramasolution.com\/#website","url":"https:\/\/ramasolution.com\/","name":"Rama Solution","description":"M\u00e1quinas autom\u00e1ticas para produ\u00e7\u00e3o de blocos, pavers e meio-fio","publisher":{"@id":"https:\/\/ramasolution.com\/#organization"},"potentialAction":[{"@type":"SearchAction","target":{"@type":"EntryPoint","urlTemplate":"https:\/\/ramasolution.com\/?s={search_term_string}"},"query-input":{"@type":"PropertyValueSpecification","valueRequired":true,"valueName":"search_term_string"}}],"inLanguage":"es"},{"@type":"Organization","@id":"https:\/\/ramasolution.com\/#organization","name":"Rama Solution","url":"https:\/\/ramasolution.com\/","logo":{"@type":"ImageObject","inLanguage":"es","@id":"https:\/\/ramasolution.com\/#\/schema\/logo\/image\/","url":"https:\/\/ramasolution.com\/wp-content\/uploads\/2020\/12\/Logo-Color-Rama-Solution.svg","contentUrl":"https:\/\/ramasolution.com\/wp-content\/uploads\/2020\/12\/Logo-Color-Rama-Solution.svg","width":"1024","height":"1024","caption":"Rama Solution"},"image":{"@id":"https:\/\/ramasolution.com\/#\/schema\/logo\/image\/"},"sameAs":["https:\/\/www.instagram.com\/rama.solution\/"]}]}},"_links":{"self":[{"href":"https:\/\/ramasolution.com\/es\/wp-json\/wp\/v2\/pages\/8987","targetHints":{"allow":["GET"]}}],"collection":[{"href":"https:\/\/ramasolution.com\/es\/wp-json\/wp\/v2\/pages"}],"about":[{"href":"https:\/\/ramasolution.com\/es\/wp-json\/wp\/v2\/types\/page"}],"author":[{"embeddable":true,"href":"https:\/\/ramasolution.com\/es\/wp-json\/wp\/v2\/users\/2"}],"replies":[{"embeddable":true,"href":"https:\/\/ramasolution.com\/es\/wp-json\/wp\/v2\/comments?post=8987"}],"version-history":[{"count":14,"href":"https:\/\/ramasolution.com\/es\/wp-json\/wp\/v2\/pages\/8987\/revisions"}],"predecessor-version":[{"id":9617,"href":"https:\/\/ramasolution.com\/es\/wp-json\/wp\/v2\/pages\/8987\/revisions\/9617"}],"wp:attachment":[{"href":"https:\/\/ramasolution.com\/es\/wp-json\/wp\/v2\/media?parent=8987"}],"curies":[{"name":"wp","href":"https:\/\/api.w.org\/{rel}","templated":true}]}}