{"id":9001,"date":"2020-12-21T19:48:02","date_gmt":"2020-12-21T19:48:02","guid":{"rendered":"https:\/\/ramasolution.com\/servico-tecnico\/"},"modified":"2024-07-06T17:23:08","modified_gmt":"2024-07-06T17:23:08","slug":"servicio-tecnico","status":"publish","type":"page","link":"https:\/\/ramasolution.com\/es\/servicio-tecnico\/","title":{"rendered":"Servicio t\u00e9cnico"},"content":{"rendered":"<section class=\"wpb-content-wrapper\"><p>[vc_row full_width=&#8221;stretch_row&#8221; kd_bottom_separator_style=&#8221;arrow-down&#8221; kd_bottom_separator_height=&#8221;separator-height-large&#8221; kd_fixed_background=&#8221;true&#8221; kd_bottom_separator=&#8221;true&#8221; kd_bottom_separator_bg=&#8221;#f8f9fb&#8221; css=&#8221;.vc_custom_1614537361623{padding-top: 150px !important;padding-bottom: 150px !important;background: #74297f url(https:\/\/ramasolution.com\/wp-content\/uploads\/2021\/02\/Header-Servico-Rama-Solution.png?id=8739) !important;background-position: center !important;background-repeat: no-repeat !important;background-size: cover !important;}&#8221;][vc_column][vc_empty_space height=&#8221;30px&#8221;]<header class=\"kd-section-title col-lg-12 text-center    \" ><h2 class=\"separator_off\" style=\"color: #808184;font-size: 48px;\">Servicio t\u00e9cnico<\/h2><\/header>[\/vc_column][\/vc_row][vc_row content_placement=&#8221;middle&#8221; css=&#8221;.vc_custom_1614965409984{padding-top: 100px !important;}&#8221;][vc_column el_id=&#8221;#instalacao-home&#8221;][vc_row_inner content_placement=&#8221;middle&#8221;][vc_column_inner width=&#8221;1\/3&#8243;]<header class=\"kd-section-title col-lg-12 text-left  kd-animated fadeIn   vc_custom_1616589074777\" data-animation-delay=200><h2 class=\"separator_off\" >Instalaci\u00f3n<\/h2><\/header>[vc_column_text]<span style=\"color: #333333;\">Nuestros t\u00e9cnicos brasile\u00f1os y europeos son profesionales altamente cualificados y con amplia experiencia en automatizaci\u00f3n, mec\u00e1nica, hidr\u00e1ulica y electricidad con especializaci\u00f3n en m\u00e1quinas de bloques; instalar\u00e1n la l\u00ednea de producci\u00f3n, definir\u00e1n los mejores par\u00e1metros para la m\u00e1quina en funci\u00f3n de las materias primas de la regi\u00f3n y los productos elaborados y supervisar\u00e1n la producci\u00f3n hasta que los operarios de la m\u00e1quina sean capaces de controlarla.<\/span>[\/vc_column_text][\/vc_column_inner][vc_column_inner width=&#8221;2\/3&#8243;][vc_single_image image=&#8221;9515&#8243; img_size=&#8221;large&#8221; alignment=&#8221;center&#8221;][\/vc_column_inner][\/vc_row_inner][vc_empty_space height=&#8221;50px&#8221;][\/vc_column][\/vc_row][vc_row content_placement=&#8221;middle&#8221;][vc_column][vc_row_inner content_placement=&#8221;middle&#8221;][vc_column_inner width=&#8221;2\/3&#8243;][vc_single_image image=&#8221;9518&#8243; img_size=&#8221;large&#8221; alignment=&#8221;center&#8221;][\/vc_column_inner][vc_column_inner width=&#8221;1\/3&#8243;][vc_empty_space height=&#8221;25px&#8221;]<header class=\"kd-section-title col-lg-12 text-left  kd-animated fadeIn   vc_custom_1616589598543\" data-animation-delay=200><h2 class=\"separator_off\" >Formaci\u00f3n<\/h2><\/header>[vc_column_text]Una vez puesta en marcha la planta, los futuros operarios ser\u00e1n formados y cualificados para especializarse en el manejo y mantenimiento de los equipos, lo que permitir\u00e1 una mayor eficiencia y prolongar\u00e1 la vida \u00fatil de las m\u00e1quinas, mejorar\u00e1 la calidad del producto y generar\u00e1 ahorros en los costes de mantenimiento. Tambi\u00e9n ofrecemos a nuestros clientes consultor\u00eda de producci\u00f3n especializada en la mejora de los procesos, con el objetivo de producir productos m\u00e1s atractivos y resistentes utilizando menos cemento.[\/vc_column_text][\/vc_column_inner][\/vc_row_inner][vc_empty_space height=&#8221;50px&#8221;][\/vc_column][\/vc_row][vc_row content_placement=&#8221;middle&#8221;][vc_column][vc_row_inner content_placement=&#8221;middle&#8221;][vc_column_inner width=&#8221;1\/3&#8243;][vc_empty_space height=&#8221;25px&#8221;]<header class=\"kd-section-title col-lg-12 text-left  kd-animated fadeIn   vc_custom_1616590005018\" data-animation-delay=200><h2 class=\"separator_off\" >Asistencia t\u00e9cnica<\/h2><\/header>[vc_column_text]Los clientes pueden hablar con el \u00e1rea t\u00e9cnica por tel\u00e9fono y Whatsapp, y resolver sus problemas y aclarar sus dudas en instantes. Tambi\u00e9n ofrecemos asistencia t\u00e9cnica presencial, garantizando al cliente un buen funcionamiento de la m\u00e1quina y asesoramiento durante toda la vida \u00fatil del equipo.[\/vc_column_text][\/vc_column_inner][vc_column_inner width=&#8221;2\/3&#8243;][vc_single_image image=&#8221;9521&#8243; img_size=&#8221;large&#8221; alignment=&#8221;center&#8221;][\/vc_column_inner][\/vc_row_inner][vc_empty_space height=&#8221;50px&#8221;][\/vc_column][\/vc_row][vc_row full_width=&#8221;stretch_row&#8221; content_placement=&#8221;middle&#8221; kd_bottom_separator_style=&#8221;arrow-down&#8221; kd_bottom_separator_height=&#8221;separator-height-large&#8221; kd_bottom_separator=&#8221;true&#8221; kd_bottom_separator_bg=&#8221;#74297f&#8221; css=&#8221;.vc_custom_1614406580427{padding-bottom: 100px !important;}&#8221;][vc_column][vc_row_inner content_placement=&#8221;middle&#8221;][vc_column_inner width=&#8221;2\/3&#8243;][vc_single_image image=&#8221;9523&#8243; img_size=&#8221;large&#8221; alignment=&#8221;center&#8221;][\/vc_column_inner][vc_column_inner width=&#8221;1\/3&#8243;][vc_empty_space height=&#8221;25px&#8221;]<header class=\"kd-section-title col-lg-12 text-left  kd-animated fadeIn   vc_custom_1616590113457\" data-animation-delay=200><h2 class=\"separator_off\" >Piezas de repuesto<\/h2><\/header>[vc_column_text]<span style=\"color: #333333;\"><strong>M\u00e1s del 95% de las partes y piezas de la m\u00e1quina se encuentran en Brasil.<\/strong><\/span><\/p>\n<p>Para la tranquilidad de nuestros clientes y la continuidad de la producci\u00f3n, el fabricante dispone de un amplio stock de repuestos. Tambi\u00e9n colaboramos con proveedores locales de piezas de repuesto y asesoramos a nuestros clientes sobre las piezas de las m\u00e1quinas que necesitan comprar y tener en stock, en los casos en que no es posible encontrarlas en el mercado nacional.<\/p>\n<p class=\"p1\">Cuando el cliente necesite sustituir alguna pieza de la m\u00e1quina, nuestro equipo t\u00e9cnico le atender\u00e1 con prontitud y buscar\u00e1 la mejor opci\u00f3n del mercado en cuanto a rapidez y precio.<\/p>\n<p>[\/vc_column_text][\/vc_column_inner][\/vc_row_inner][vc_empty_space height=&#8221;50px&#8221;][\/vc_column][\/vc_row][vc_row full_width=&#8221;stretch_row&#8221; kd_fixed_background=&#8221;true&#8221; css=&#8221;.vc_custom_1616431077613{background: #74297f url(https:\/\/ramasolution.com\/wp-content\/uploads\/2021\/03\/BgMap-Rama-Solution-Principal-1.jpg?id=8870) !important;}&#8221;][vc_column css=&#8221;.vc_custom_1515752113308{padding-right: 0px !important;padding-left: 0px !important;}&#8221;][vc_empty_space height=&#8221;75px&#8221;][vc_row_inner content_placement=&#8221;middle&#8221; css=&#8221;.vc_custom_1608579502649{padding-bottom: 70px !important;}&#8221;][vc_column_inner width=&#8221;1\/4&#8243; css=&#8221;.vc_custom_1613569650136{margin-right: 50px !important;margin-left: 50px !important;padding-top: 50px !important;padding-right: 50px !important;padding-bottom: 50px !important;padding-left: 50px !important;border-radius: 2px !important;}&#8221;][\/vc_column_inner][vc_column_inner width=&#8221;1\/2&#8243;][vc_empty_space height=&#8221;20px&#8221;]<header class=\"kd-section-title col-lg-12 text-center  kd-animated fadeIn   vc_custom_1616590230845\" data-animation-delay=200><h2 class=\"separator_off\" style=\"color: #ffffff;\">Hable con nosotros y solicite su cotizaci\u00f3n sin compromiso<\/h2><\/header><div class=\"kd-contact-form full-width-cf white-input-bg white-label-color\" >\n<div class=\"wpcf7 no-js\" id=\"wpcf7-f8862-o1\" lang=\"en-US\" dir=\"ltr\" data-wpcf7-id=\"8862\">\n<div class=\"screen-reader-response\"><p role=\"status\" aria-live=\"polite\" aria-atomic=\"true\"><\/p> <ul><\/ul><\/div>\n<form action=\"\/es\/wp-json\/wp\/v2\/pages\/9001#wpcf7-f8862-o1\" method=\"post\" class=\"wpcf7-form init\" aria-label=\"Contact form\" novalidate=\"novalidate\" data-status=\"init\">\n<fieldset class=\"hidden-fields-container\"><input type=\"hidden\" name=\"_wpcf7\" value=\"8862\" \/><input type=\"hidden\" name=\"_wpcf7_version\" value=\"6.1.5\" \/><input type=\"hidden\" name=\"_wpcf7_locale\" value=\"en_US\" \/><input type=\"hidden\" name=\"_wpcf7_unit_tag\" value=\"wpcf7-f8862-o1\" \/><input type=\"hidden\" name=\"_wpcf7_container_post\" value=\"0\" \/><input type=\"hidden\" name=\"_wpcf7_posted_data_hash\" value=\"\" \/><input type=\"hidden\" name=\"_wpcf7_recaptcha_response\" value=\"\" \/>\n<\/fieldset>\n<p><span class=\"wpcf7-form-control-wrap\" data-name=\"your-nome\"><input size=\"40\" maxlength=\"400\" class=\"wpcf7-form-control wpcf7-text wpcf7-validates-as-required\" aria-required=\"true\" aria-invalid=\"false\" placeholder=\"Nombre de la empresa\" value=\"\" type=\"text\" name=\"your-nome\" \/><\/span><br \/>\n<span class=\"wpcf7-form-control-wrap\" data-name=\"Pais\"><select class=\"wpcf7-form-control wpcf7-select wpcf7-validates-as-required\" aria-required=\"true\" aria-invalid=\"false\" name=\"Pais\"><option value=\"Pa\u00eds\">Pa\u00eds<\/option><option value=\"Argentina\">Argentina<\/option><option value=\"Bolivia\">Bolivia<\/option><option value=\"Brasil\">Brasil<\/option><option value=\"Chile\">Chile<\/option><option value=\"Colombia\">Colombia<\/option><option value=\"Ecuador\">Ecuador<\/option><option value=\"Paraguay\">Paraguay<\/option><option value=\"Per\u00fa\">Per\u00fa<\/option><option value=\"Uruguay\">Uruguay<\/option><option value=\"Venezuela\">Venezuela<\/option><option value=\"otro\">otro<\/option><\/select><\/span><br \/>\n<span class=\"wpcf7-form-control-wrap\" data-name=\"your-contato\"><input size=\"40\" maxlength=\"400\" class=\"wpcf7-form-control wpcf7-text wpcf7-validates-as-required\" aria-required=\"true\" aria-invalid=\"false\" placeholder=\"Persona de contacto\" value=\"\" type=\"text\" name=\"your-contato\" \/><\/span><br \/>\n<span class=\"wpcf7-form-control-wrap\" data-name=\"your-email\"><input size=\"40\" maxlength=\"400\" class=\"wpcf7-form-control wpcf7-email wpcf7-validates-as-required wpcf7-text wpcf7-validates-as-email\" aria-required=\"true\" aria-invalid=\"false\" placeholder=\"E-mail\" value=\"\" type=\"email\" name=\"your-email\" \/><\/span><br \/>\n<span class=\"wpcf7-form-control-wrap\" data-name=\"your-telefone\"><input size=\"40\" maxlength=\"400\" class=\"wpcf7-form-control wpcf7-text wpcf7-validates-as-required\" aria-required=\"true\" aria-invalid=\"false\" placeholder=\"Tel\u00e9fono\" value=\"\" type=\"text\" name=\"your-telefone\" \/><\/span><br \/>\n<span class=\"wpcf7-form-control-wrap\" data-name=\"your-message\"><textarea cols=\"40\" rows=\"10\" maxlength=\"2000\" class=\"wpcf7-form-control wpcf7-textarea\" aria-invalid=\"false\" placeholder=\"Mensaje\" name=\"your-message\"><\/textarea><\/span><br \/>\n<input class=\"wpcf7-form-control wpcf7-submit has-spinner\" type=\"submit\" value=\"Enviar\" \/>\n<\/p><p style=\"display: none !important;\" class=\"akismet-fields-container\" data-prefix=\"_wpcf7_ak_\"><label>&#916;<textarea name=\"_wpcf7_ak_hp_textarea\" cols=\"45\" rows=\"8\" maxlength=\"100\"><\/textarea><\/label><input type=\"hidden\" id=\"ak_js_1\" name=\"_wpcf7_ak_js\" value=\"122\"\/><script>document.getElementById( \"ak_js_1\" ).setAttribute( \"value\", ( new Date() ).getTime() );<\/script><\/p><div class=\"wpcf7-response-output\" aria-hidden=\"true\"><\/div>\n<\/form>\n<\/div>\n<\/div>[\/vc_column_inner][vc_column_inner width=&#8221;1\/4&#8243;][\/vc_column_inner][\/vc_row_inner][\/vc_column][\/vc_row]<\/p>\n<\/section>","protected":false},"excerpt":{"rendered":"<p>[vc_row full_width=&#8221;stretch_row&#8221; kd_bottom_separator_style=&#8221;arrow-down&#8221; kd_bottom_separator_height=&#8221;separator-height-large&#8221; kd_fixed_background=&#8221;true&#8221; kd_bottom_separator=&#8221;true&#8221; kd_bottom_separator_bg=&#8221;#f8f9fb&#8221; [&hellip;]<\/p>\n","protected":false},"author":2,"featured_media":0,"parent":0,"menu_order":0,"comment_status":"closed","ping_status":"closed","template":"","meta":{"_joinchat":[],"footnotes":""},"class_list":["post-9001","page","type-page","status-publish","hentry"],"yoast_head":"<!-- This site is optimized with the Yoast SEO plugin v27.2 - https:\/\/yoast.com\/product\/yoast-seo-wordpress\/ -->\n<title>\u1405 Servi\u00e7o T\u00e9cnico para M\u00e1quinas de Bloco | Rama Solution<\/title>\n<meta name=\"description\" content=\"T\u00e9cnicos altamente cualificados con gran experiencia \u2b50 en automatizaciones, hidr\u00e1ulica y mec\u00e1nica, tambi\u00e9n tenemos piezas de repuesto en Brasil y soporte presencial o via WhatsApp.\" \/>\n<meta name=\"robots\" content=\"index, follow, max-snippet:-1, max-image-preview:large, max-video-preview:-1\" \/>\n<link rel=\"canonical\" href=\"https:\/\/ramasolution.com\/es\/servicio-tecnico\/\" \/>\n<meta property=\"og:locale\" content=\"es_ES\" \/>\n<meta property=\"og:type\" content=\"article\" \/>\n<meta property=\"og:title\" content=\"\u1405 Servi\u00e7o T\u00e9cnico para M\u00e1quinas de Bloco | Rama Solution\" \/>\n<meta property=\"og:description\" content=\"T\u00e9cnicos altamente cualificados con gran experiencia \u2b50 en automatizaciones, hidr\u00e1ulica y mec\u00e1nica, tambi\u00e9n tenemos piezas de repuesto en Brasil y soporte presencial o via WhatsApp.\" \/>\n<meta property=\"og:url\" content=\"https:\/\/ramasolution.com\/es\/servicio-tecnico\/\" \/>\n<meta property=\"og:site_name\" content=\"Rama Solution\" \/>\n<meta property=\"article:modified_time\" content=\"2024-07-06T17:23:08+00:00\" \/>\n<meta name=\"twitter:card\" content=\"summary_large_image\" \/>\n<meta name=\"twitter:label1\" content=\"Tiempo de lectura\" \/>\n\t<meta name=\"twitter:data1\" content=\"3 minutos\" \/>\n<script type=\"application\/ld+json\" class=\"yoast-schema-graph\">{\"@context\":\"https:\/\/schema.org\",\"@graph\":[{\"@type\":\"WebPage\",\"@id\":\"https:\/\/ramasolution.com\/es\/servicio-tecnico\/\",\"url\":\"https:\/\/ramasolution.com\/es\/servicio-tecnico\/\",\"name\":\"\u1405 Servi\u00e7o T\u00e9cnico para M\u00e1quinas de Bloco | Rama Solution\",\"isPartOf\":{\"@id\":\"https:\/\/ramasolution.com\/#website\"},\"datePublished\":\"2020-12-21T19:48:02+00:00\",\"dateModified\":\"2024-07-06T17:23:08+00:00\",\"description\":\"T\u00e9cnicos altamente cualificados con gran experiencia \u2b50 en automatizaciones, hidr\u00e1ulica y mec\u00e1nica, tambi\u00e9n tenemos piezas de repuesto en Brasil y soporte presencial o via WhatsApp.\",\"breadcrumb\":{\"@id\":\"https:\/\/ramasolution.com\/es\/servicio-tecnico\/#breadcrumb\"},\"inLanguage\":\"es\",\"potentialAction\":[{\"@type\":\"ReadAction\",\"target\":[\"https:\/\/ramasolution.com\/es\/servicio-tecnico\/\"]}]},{\"@type\":\"BreadcrumbList\",\"@id\":\"https:\/\/ramasolution.com\/es\/servicio-tecnico\/#breadcrumb\",\"itemListElement\":[{\"@type\":\"ListItem\",\"position\":1,\"name\":\"Portada\",\"item\":\"https:\/\/ramasolution.com\/es\/\"},{\"@type\":\"ListItem\",\"position\":2,\"name\":\"Servicio t\u00e9cnico\"}]},{\"@type\":\"WebSite\",\"@id\":\"https:\/\/ramasolution.com\/#website\",\"url\":\"https:\/\/ramasolution.com\/\",\"name\":\"Rama Solution\",\"description\":\"M\u00e1quinas autom\u00e1ticas para produ\u00e7\u00e3o de blocos, pavers e meio-fio\",\"publisher\":{\"@id\":\"https:\/\/ramasolution.com\/#organization\"},\"potentialAction\":[{\"@type\":\"SearchAction\",\"target\":{\"@type\":\"EntryPoint\",\"urlTemplate\":\"https:\/\/ramasolution.com\/?s={search_term_string}\"},\"query-input\":{\"@type\":\"PropertyValueSpecification\",\"valueRequired\":true,\"valueName\":\"search_term_string\"}}],\"inLanguage\":\"es\"},{\"@type\":\"Organization\",\"@id\":\"https:\/\/ramasolution.com\/#organization\",\"name\":\"Rama Solution\",\"url\":\"https:\/\/ramasolution.com\/\",\"logo\":{\"@type\":\"ImageObject\",\"inLanguage\":\"es\",\"@id\":\"https:\/\/ramasolution.com\/#\/schema\/logo\/image\/\",\"url\":\"https:\/\/ramasolution.com\/wp-content\/uploads\/2020\/12\/Logo-Color-Rama-Solution.svg\",\"contentUrl\":\"https:\/\/ramasolution.com\/wp-content\/uploads\/2020\/12\/Logo-Color-Rama-Solution.svg\",\"width\":\"1024\",\"height\":\"1024\",\"caption\":\"Rama Solution\"},\"image\":{\"@id\":\"https:\/\/ramasolution.com\/#\/schema\/logo\/image\/\"},\"sameAs\":[\"https:\/\/www.instagram.com\/rama.solution\/\"]}]}<\/script>\n<!-- \/ Yoast SEO plugin. -->","yoast_head_json":{"title":"\u1405 Servi\u00e7o T\u00e9cnico para M\u00e1quinas de Bloco | Rama Solution","description":"T\u00e9cnicos altamente cualificados con gran experiencia \u2b50 en automatizaciones, hidr\u00e1ulica y mec\u00e1nica, tambi\u00e9n tenemos piezas de repuesto en Brasil y soporte presencial o via WhatsApp.","robots":{"index":"index","follow":"follow","max-snippet":"max-snippet:-1","max-image-preview":"max-image-preview:large","max-video-preview":"max-video-preview:-1"},"canonical":"https:\/\/ramasolution.com\/es\/servicio-tecnico\/","og_locale":"es_ES","og_type":"article","og_title":"\u1405 Servi\u00e7o T\u00e9cnico para M\u00e1quinas de Bloco | Rama Solution","og_description":"T\u00e9cnicos altamente cualificados con gran experiencia \u2b50 en automatizaciones, hidr\u00e1ulica y mec\u00e1nica, tambi\u00e9n tenemos piezas de repuesto en Brasil y soporte presencial o via WhatsApp.","og_url":"https:\/\/ramasolution.com\/es\/servicio-tecnico\/","og_site_name":"Rama Solution","article_modified_time":"2024-07-06T17:23:08+00:00","twitter_card":"summary_large_image","twitter_misc":{"Tiempo de lectura":"3 minutos"},"schema":{"@context":"https:\/\/schema.org","@graph":[{"@type":"WebPage","@id":"https:\/\/ramasolution.com\/es\/servicio-tecnico\/","url":"https:\/\/ramasolution.com\/es\/servicio-tecnico\/","name":"\u1405 Servi\u00e7o T\u00e9cnico para M\u00e1quinas de Bloco | Rama Solution","isPartOf":{"@id":"https:\/\/ramasolution.com\/#website"},"datePublished":"2020-12-21T19:48:02+00:00","dateModified":"2024-07-06T17:23:08+00:00","description":"T\u00e9cnicos altamente cualificados con gran experiencia \u2b50 en automatizaciones, hidr\u00e1ulica y mec\u00e1nica, tambi\u00e9n tenemos piezas de repuesto en Brasil y soporte presencial o via WhatsApp.","breadcrumb":{"@id":"https:\/\/ramasolution.com\/es\/servicio-tecnico\/#breadcrumb"},"inLanguage":"es","potentialAction":[{"@type":"ReadAction","target":["https:\/\/ramasolution.com\/es\/servicio-tecnico\/"]}]},{"@type":"BreadcrumbList","@id":"https:\/\/ramasolution.com\/es\/servicio-tecnico\/#breadcrumb","itemListElement":[{"@type":"ListItem","position":1,"name":"Portada","item":"https:\/\/ramasolution.com\/es\/"},{"@type":"ListItem","position":2,"name":"Servicio t\u00e9cnico"}]},{"@type":"WebSite","@id":"https:\/\/ramasolution.com\/#website","url":"https:\/\/ramasolution.com\/","name":"Rama Solution","description":"M\u00e1quinas autom\u00e1ticas para produ\u00e7\u00e3o de blocos, pavers e meio-fio","publisher":{"@id":"https:\/\/ramasolution.com\/#organization"},"potentialAction":[{"@type":"SearchAction","target":{"@type":"EntryPoint","urlTemplate":"https:\/\/ramasolution.com\/?s={search_term_string}"},"query-input":{"@type":"PropertyValueSpecification","valueRequired":true,"valueName":"search_term_string"}}],"inLanguage":"es"},{"@type":"Organization","@id":"https:\/\/ramasolution.com\/#organization","name":"Rama Solution","url":"https:\/\/ramasolution.com\/","logo":{"@type":"ImageObject","inLanguage":"es","@id":"https:\/\/ramasolution.com\/#\/schema\/logo\/image\/","url":"https:\/\/ramasolution.com\/wp-content\/uploads\/2020\/12\/Logo-Color-Rama-Solution.svg","contentUrl":"https:\/\/ramasolution.com\/wp-content\/uploads\/2020\/12\/Logo-Color-Rama-Solution.svg","width":"1024","height":"1024","caption":"Rama Solution"},"image":{"@id":"https:\/\/ramasolution.com\/#\/schema\/logo\/image\/"},"sameAs":["https:\/\/www.instagram.com\/rama.solution\/"]}]}},"_links":{"self":[{"href":"https:\/\/ramasolution.com\/es\/wp-json\/wp\/v2\/pages\/9001","targetHints":{"allow":["GET"]}}],"collection":[{"href":"https:\/\/ramasolution.com\/es\/wp-json\/wp\/v2\/pages"}],"about":[{"href":"https:\/\/ramasolution.com\/es\/wp-json\/wp\/v2\/types\/page"}],"author":[{"embeddable":true,"href":"https:\/\/ramasolution.com\/es\/wp-json\/wp\/v2\/users\/2"}],"replies":[{"embeddable":true,"href":"https:\/\/ramasolution.com\/es\/wp-json\/wp\/v2\/comments?post=9001"}],"version-history":[{"count":10,"href":"https:\/\/ramasolution.com\/es\/wp-json\/wp\/v2\/pages\/9001\/revisions"}],"predecessor-version":[{"id":9832,"href":"https:\/\/ramasolution.com\/es\/wp-json\/wp\/v2\/pages\/9001\/revisions\/9832"}],"wp:attachment":[{"href":"https:\/\/ramasolution.com\/es\/wp-json\/wp\/v2\/media?parent=9001"}],"curies":[{"name":"wp","href":"https:\/\/api.w.org\/{rel}","templated":true}]}}