{"id":9677,"date":"2018-08-27T15:04:18","date_gmt":"2018-08-27T15:04:18","guid":{"rendered":"https:\/\/ramasolution.com\/blog\/"},"modified":"2022-06-21T20:36:56","modified_gmt":"2022-06-21T20:36:56","slug":"blog","status":"publish","type":"page","link":"https:\/\/ramasolution.com\/es\/blog\/","title":{"rendered":"Blog"},"content":{"rendered":"<section class=\"wpb-content-wrapper\"><p>[vc_row full_width=&#8221;stretch_row&#8221; kd_bottom_separator_style=&#8221;arrow-down&#8221; kd_bottom_separator_height=&#8221;separator-height-large&#8221; kd_fixed_background=&#8221;true&#8221; kd_bottom_separator=&#8221;true&#8221; css=&#8221;.vc_custom_1655831418005{padding-top: 150px !important;padding-bottom: 150px !important;background: #763285 url(https:\/\/ramasolution.com\/wp-content\/uploads\/2021\/06\/rama-ue6-maquina-de-blocos.png?id=9319) !important;background-position: center !important;background-repeat: no-repeat !important;background-size: cover !important;}&#8221;][vc_column][vc_empty_space height=&#8221;30px&#8221;]<header class=\"kd-section-title col-lg-12 text-center    \" ><h2 class=\"separator_off\" style=\"color: #808184;font-size: 48px;\">Blog<\/h2><\/header>[\/vc_column][\/vc_row][vc_row full_width=&#8221;stretch_row&#8221; css=&#8221;.vc_custom_1541417557045{padding-top: 100px !important;}&#8221;][vc_column css=&#8221;.vc_custom_1655831394463{padding-right: 0px !important;padding-left: 0px !important;}&#8221;][vc_row_inner][vc_column_inner width=&#8221;2\/3&#8243;]<header class=\"kd-section-title vc_col-lg-6 vc_col-sm-8 text-center  kd-animated fadeIn   vc_custom_1541765810456\" data-animation-delay=200><h2 class=\"separator_off\" >Blog posts detailed grid - 3 columns<\/h2><h6 class=\"subtitle \" >Explore our blog for insightful articles, personal reflections and ideas that inspire action on the topics you care about.<\/h6><\/header>[vc_basic_grid post_type=&#8221;post&#8221; max_items=&#8221;-1&#8243; style=&#8221;load-more&#8221; show_filter=&#8221;yes&#8221; element_width=&#8221;12&#8243; item=&#8221;3729&#8243; grid_id=&#8221;vc_gid:1655833375638-2e364455-cf64-8&#8243; filter_source=&#8221;category&#8221; taxonomies=&#8221;78&#8243;][vc_empty_space height=&#8221;100px&#8221;][\/vc_column_inner][vc_column_inner width=&#8221;1\/3&#8243;][vc_widget_sidebar sidebar_id=&#8221;blog-sidebar&#8221;][\/vc_column_inner][\/vc_row_inner][\/vc_column][\/vc_row]<\/p>\n<\/section>","protected":false},"excerpt":{"rendered":"<p>[vc_row full_width=&#8221;stretch_row&#8221; kd_bottom_separator_style=&#8221;arrow-down&#8221; kd_bottom_separator_height=&#8221;separator-height-large&#8221; kd_fixed_background=&#8221;true&#8221; kd_bottom_separator=&#8221;true&#8221; css=&#8221;.vc_custom_1655831418005{padding-top: [&hellip;]<\/p>\n","protected":false},"author":2,"featured_media":0,"parent":0,"menu_order":0,"comment_status":"closed","ping_status":"closed","template":"","meta":{"_joinchat":[],"footnotes":""},"class_list":["post-9677","page","type-page","status-publish","hentry"],"yoast_head":"<!-- This site is optimized with the Yoast SEO plugin v27.2 - https:\/\/yoast.com\/product\/yoast-seo-wordpress\/ -->\n<title>Blog - Rama Solution<\/title>\n<meta name=\"robots\" content=\"index, follow, max-snippet:-1, max-image-preview:large, max-video-preview:-1\" \/>\n<link rel=\"canonical\" href=\"https:\/\/ramasolution.com\/es\/blog\/\" \/>\n<meta property=\"og:locale\" content=\"es_ES\" \/>\n<meta property=\"og:type\" content=\"article\" \/>\n<meta property=\"og:title\" content=\"Blog - Rama Solution\" \/>\n<meta property=\"og:description\" content=\"[vc_row full_width=&#8221;stretch_row&#8221; kd_bottom_separator_style=&#8221;arrow-down&#8221; kd_bottom_separator_height=&#8221;separator-height-large&#8221; kd_fixed_background=&#8221;true&#8221; kd_bottom_separator=&#8221;true&#8221; css=&#8221;.vc_custom_1655831418005{padding-top: [&hellip;]\" \/>\n<meta property=\"og:url\" content=\"https:\/\/ramasolution.com\/es\/blog\/\" \/>\n<meta property=\"og:site_name\" content=\"Rama Solution\" \/>\n<meta property=\"article:modified_time\" content=\"2022-06-21T20:36:56+00:00\" \/>\n<meta name=\"twitter:card\" content=\"summary_large_image\" \/>\n<meta name=\"twitter:label1\" content=\"Tiempo de lectura\" \/>\n\t<meta name=\"twitter:data1\" content=\"1 minuto\" \/>\n<script type=\"application\/ld+json\" class=\"yoast-schema-graph\">{\"@context\":\"https:\/\/schema.org\",\"@graph\":[{\"@type\":\"WebPage\",\"@id\":\"https:\/\/ramasolution.com\/es\/blog\/\",\"url\":\"https:\/\/ramasolution.com\/es\/blog\/\",\"name\":\"Blog - Rama Solution\",\"isPartOf\":{\"@id\":\"https:\/\/ramasolution.com\/#website\"},\"datePublished\":\"2018-08-27T15:04:18+00:00\",\"dateModified\":\"2022-06-21T20:36:56+00:00\",\"breadcrumb\":{\"@id\":\"https:\/\/ramasolution.com\/es\/blog\/#breadcrumb\"},\"inLanguage\":\"es\",\"potentialAction\":[{\"@type\":\"ReadAction\",\"target\":[\"https:\/\/ramasolution.com\/es\/blog\/\"]}]},{\"@type\":\"BreadcrumbList\",\"@id\":\"https:\/\/ramasolution.com\/es\/blog\/#breadcrumb\",\"itemListElement\":[{\"@type\":\"ListItem\",\"position\":1,\"name\":\"Portada\",\"item\":\"https:\/\/ramasolution.com\/es\/\"},{\"@type\":\"ListItem\",\"position\":2,\"name\":\"Blog\"}]},{\"@type\":\"WebSite\",\"@id\":\"https:\/\/ramasolution.com\/#website\",\"url\":\"https:\/\/ramasolution.com\/\",\"name\":\"Rama Solution\",\"description\":\"M\u00e1quinas autom\u00e1ticas para produ\u00e7\u00e3o de blocos, pavers e meio-fio\",\"publisher\":{\"@id\":\"https:\/\/ramasolution.com\/#organization\"},\"potentialAction\":[{\"@type\":\"SearchAction\",\"target\":{\"@type\":\"EntryPoint\",\"urlTemplate\":\"https:\/\/ramasolution.com\/?s={search_term_string}\"},\"query-input\":{\"@type\":\"PropertyValueSpecification\",\"valueRequired\":true,\"valueName\":\"search_term_string\"}}],\"inLanguage\":\"es\"},{\"@type\":\"Organization\",\"@id\":\"https:\/\/ramasolution.com\/#organization\",\"name\":\"Rama Solution\",\"url\":\"https:\/\/ramasolution.com\/\",\"logo\":{\"@type\":\"ImageObject\",\"inLanguage\":\"es\",\"@id\":\"https:\/\/ramasolution.com\/#\/schema\/logo\/image\/\",\"url\":\"https:\/\/ramasolution.com\/wp-content\/uploads\/2020\/12\/Logo-Color-Rama-Solution.svg\",\"contentUrl\":\"https:\/\/ramasolution.com\/wp-content\/uploads\/2020\/12\/Logo-Color-Rama-Solution.svg\",\"width\":\"1024\",\"height\":\"1024\",\"caption\":\"Rama Solution\"},\"image\":{\"@id\":\"https:\/\/ramasolution.com\/#\/schema\/logo\/image\/\"},\"sameAs\":[\"https:\/\/www.instagram.com\/rama.solution\/\"]}]}<\/script>\n<!-- \/ Yoast SEO plugin. -->","yoast_head_json":{"title":"Blog - Rama Solution","robots":{"index":"index","follow":"follow","max-snippet":"max-snippet:-1","max-image-preview":"max-image-preview:large","max-video-preview":"max-video-preview:-1"},"canonical":"https:\/\/ramasolution.com\/es\/blog\/","og_locale":"es_ES","og_type":"article","og_title":"Blog - Rama Solution","og_description":"[vc_row full_width=&#8221;stretch_row&#8221; kd_bottom_separator_style=&#8221;arrow-down&#8221; kd_bottom_separator_height=&#8221;separator-height-large&#8221; kd_fixed_background=&#8221;true&#8221; kd_bottom_separator=&#8221;true&#8221; css=&#8221;.vc_custom_1655831418005{padding-top: [&hellip;]","og_url":"https:\/\/ramasolution.com\/es\/blog\/","og_site_name":"Rama Solution","article_modified_time":"2022-06-21T20:36:56+00:00","twitter_card":"summary_large_image","twitter_misc":{"Tiempo de lectura":"1 minuto"},"schema":{"@context":"https:\/\/schema.org","@graph":[{"@type":"WebPage","@id":"https:\/\/ramasolution.com\/es\/blog\/","url":"https:\/\/ramasolution.com\/es\/blog\/","name":"Blog - Rama Solution","isPartOf":{"@id":"https:\/\/ramasolution.com\/#website"},"datePublished":"2018-08-27T15:04:18+00:00","dateModified":"2022-06-21T20:36:56+00:00","breadcrumb":{"@id":"https:\/\/ramasolution.com\/es\/blog\/#breadcrumb"},"inLanguage":"es","potentialAction":[{"@type":"ReadAction","target":["https:\/\/ramasolution.com\/es\/blog\/"]}]},{"@type":"BreadcrumbList","@id":"https:\/\/ramasolution.com\/es\/blog\/#breadcrumb","itemListElement":[{"@type":"ListItem","position":1,"name":"Portada","item":"https:\/\/ramasolution.com\/es\/"},{"@type":"ListItem","position":2,"name":"Blog"}]},{"@type":"WebSite","@id":"https:\/\/ramasolution.com\/#website","url":"https:\/\/ramasolution.com\/","name":"Rama Solution","description":"M\u00e1quinas autom\u00e1ticas para produ\u00e7\u00e3o de blocos, pavers e meio-fio","publisher":{"@id":"https:\/\/ramasolution.com\/#organization"},"potentialAction":[{"@type":"SearchAction","target":{"@type":"EntryPoint","urlTemplate":"https:\/\/ramasolution.com\/?s={search_term_string}"},"query-input":{"@type":"PropertyValueSpecification","valueRequired":true,"valueName":"search_term_string"}}],"inLanguage":"es"},{"@type":"Organization","@id":"https:\/\/ramasolution.com\/#organization","name":"Rama Solution","url":"https:\/\/ramasolution.com\/","logo":{"@type":"ImageObject","inLanguage":"es","@id":"https:\/\/ramasolution.com\/#\/schema\/logo\/image\/","url":"https:\/\/ramasolution.com\/wp-content\/uploads\/2020\/12\/Logo-Color-Rama-Solution.svg","contentUrl":"https:\/\/ramasolution.com\/wp-content\/uploads\/2020\/12\/Logo-Color-Rama-Solution.svg","width":"1024","height":"1024","caption":"Rama Solution"},"image":{"@id":"https:\/\/ramasolution.com\/#\/schema\/logo\/image\/"},"sameAs":["https:\/\/www.instagram.com\/rama.solution\/"]}]}},"_links":{"self":[{"href":"https:\/\/ramasolution.com\/es\/wp-json\/wp\/v2\/pages\/9677","targetHints":{"allow":["GET"]}}],"collection":[{"href":"https:\/\/ramasolution.com\/es\/wp-json\/wp\/v2\/pages"}],"about":[{"href":"https:\/\/ramasolution.com\/es\/wp-json\/wp\/v2\/types\/page"}],"author":[{"embeddable":true,"href":"https:\/\/ramasolution.com\/es\/wp-json\/wp\/v2\/users\/2"}],"replies":[{"embeddable":true,"href":"https:\/\/ramasolution.com\/es\/wp-json\/wp\/v2\/comments?post=9677"}],"version-history":[{"count":4,"href":"https:\/\/ramasolution.com\/es\/wp-json\/wp\/v2\/pages\/9677\/revisions"}],"predecessor-version":[{"id":9687,"href":"https:\/\/ramasolution.com\/es\/wp-json\/wp\/v2\/pages\/9677\/revisions\/9687"}],"wp:attachment":[{"href":"https:\/\/ramasolution.com\/es\/wp-json\/wp\/v2\/media?parent=9677"}],"curies":[{"name":"wp","href":"https:\/\/api.w.org\/{rel}","templated":true}]}}